{"id":400,"date":"2016-11-24T13:01:46","date_gmt":"2016-11-24T13:01:46","guid":{"rendered":"http:\/\/www.rentibizaholidayvillas.com\/ibiza\/?page_id=400"},"modified":"2024-03-11T05:46:12","modified_gmt":"2024-03-11T05:46:12","slug":"villa-familia-mejor-precio","status":"publish","type":"page","link":"https:\/\/www.rentibizaholidayvillas.com\/ibiza\/villa-familia-mejor-precio\/","title":{"rendered":"Viaja en familia al mejor precio"},"content":{"rendered":"<p>[vc_row][vc_column][vc_cta h2=&#8221;\u00a115% DESCUENTO PARA FAMILIAS!&#8221; h4=&#8221;Aprov\u00e9chate del descuento en Villa Aurora&#8221; color=&#8221;white&#8221; css=&#8221;.vc_custom_1710135951663{background-color: #0cdcbd !important;}&#8221;]<\/p>\n<h1 style=\"color: #ffffff; font-size: 14px;\"><strong>Rent Ibiza Holiday Villa<\/strong> + Villa Aurora con este descuento especial para familia. <em>\u00a1Reserva ya !!<\/em><\/h1>\n<p>[\/vc_cta][\/vc_column][\/vc_row][vc_row][vc_column][vc_custom_heading text=&#8221;VILLA AURORA&#8221;][vc_text_separator title=&#8221;DESCUENTO DEL 15% PARA FAMILIAS EN VILLA AURORA&#8221; title_align=&#8221;separator_align_left&#8221; align=&#8221;align_right&#8221; color=&#8221;black&#8221; border_width=&#8221;3&#8243;][\/vc_column][\/vc_row][vc_row][vc_column width=&#8221;1\/2&#8243;][vc_column_text]<\/p>\n<p style=\"text-align: justify;\"><strong>Vive unas inolvidables vacaciones en familia<\/strong>. D\u00e9jate cautivar por Villa Aurora, ahora con un <span style=\"color: #ff0000; font-size: 12pt;\"><strong>15% de descuento*<\/strong><\/span>, disfruta de un cuidado espacio, tradicional ibicenco, ideado para complacer a ni\u00f1os y mayores.<\/p>\n<p style=\"text-align: justify;\">Villa Aurora cuenta con <strong>espacios dedicados a los m\u00e1s peque\u00f1os<\/strong>, la zona de juegos cuenta con columpios, cama el\u00e1stica y mesa de ping-pong, donde pasar una tarde llena de diversi\u00f3n.<\/p>\n<p style=\"text-align: justify;\">Mientras los ni\u00f1os se lo pasan en grande, podr\u00e1 <strong>disfrutar de un ba\u00f1o en la piscina<\/strong>, preparar una <strong>deliciosa barbacoa o relajarse en la zona de la terraza<\/strong>. Una amplia vivienda para disfrutar en familia donde todos encontrar\u00e1n su espacio.<\/p>\n<p style=\"text-align: justify;\">Villa Aurora le ofrece todo lo que su familia necesita para pasar unas<strong> vacaciones de ensue\u00f1o<\/strong>.<\/p>\n<p>[\/vc_column_text][\/vc_column][vc_column width=&#8221;1\/2&#8243;][vc_single_image image=&#8221;422&#8243; img_size=&#8221;large&#8221;][\/vc_column][\/vc_row][vc_row][vc_column][vc_text_separator title=&#8221;SAN JOS\u00c9&#8221; i_icon_fontawesome=&#8221;fa fa-map-marker&#8221; color=&#8221;black&#8221; border_width=&#8221;3&#8243; add_icon=&#8221;true&#8221;][vc_column_text]<\/p>\n<p style=\"text-align: justify;\"><strong><a href=\"http:\/\/www.rentibizaholidayvillas.com\/es\/villas-alquiler\/Can-Aurora\/\">Villa Aurora<\/a> se encuentra en el municipio de San Jos\u00e9<\/strong>, uno de los m\u00e1s extensos de Ibiza. Con alrededor de 80 kil\u00f3metros de costa, donde<strong> se encuentran algunas de las Calas m\u00e1s bellas del litoral, como Cavallet<\/strong>, <strong>Ses Salines<\/strong> o <strong>Cala Jondal<\/strong>. Su ubicaci\u00f3n, cerca del parque natural de Ses Salines y la reserva natural d\u2019es Vedr\u00e0, les ofrece la posibilidad de <strong>disfrutar de magn\u00edficas rutas en plena naturaleza<\/strong>, donde podr\u00e1n <strong>vivir experiencias familiares \u00fanicas<\/strong>, en un entorno incomparable.<\/p>\n<p><iframe loading=\"lazy\" style=\"border: 0;\" src=\"https:\/\/www.google.com\/maps\/embed?pb=!1m18!1m12!1m3!1d1552.58975794091!2d1.3536656580525965!3d38.8970099948927!2m3!1f0!2f0!3f0!3m2!1i1024!2i768!4f13.1!3m3!1m2!1s0x129948b2daacab99%3A0x1d0ff63aa2ba2288!2sDiseminado+Can+Alejandro%2C+86T%2C+07817%2C+Illes+Balears%2C+Espa%C3%B1a!5e0!3m2!1ses!2ses!4v1479992830189\" width=\"100%\" height=\"450\" frameborder=\"0\" allowfullscreen=\"allowfullscreen\"><\/iframe>[\/vc_column_text][\/vc_column][\/vc_row][vc_row][vc_column width=&#8221;1\/2&#8243;][vc_text_separator title=&#8221;CONDICIONES&#8221; i_icon_fontawesome=&#8221;fa fa-info-circle&#8221; color=&#8221;black&#8221; border_width=&#8221;3&#8243; add_icon=&#8221;true&#8221;][vc_column_text]<\/p>\n<p style=\"text-align: justify;\">La descuento especial solo es <strong>aplicable a familias con ni\u00f1os menores de 14 a\u00f1os,<\/strong> en reservas realizadas con 90 d\u00edas de antelaci\u00f3n a su llegada. Una vez realizada la reserva deber\u00e1 enviar un correo electr\u00f3nico a <em>info@rentibizaholidayvillas.com<\/em> Se\u00f1alando el n\u00famero de reserva y adjuntando fotocopia del pasaporte de los ni\u00f1os. El descuento del 15% se aplicar\u00e1 en el segundo pago que deber\u00e1 abonar a su llegada.<\/p>\n<p>[\/vc_column_text][\/vc_column][vc_column width=&#8221;1\/2&#8243;][vc_single_image image=&#8221;403&#8243; img_size=&#8221;large&#8221;][\/vc_column][\/vc_row][vc_row][vc_column][vc_cta h2=&#8221;\u00a1Haz ahora la reserva!&#8221; h4=&#8221;Disfruta del 15% de descuento en familia&#8221; add_button=&#8221;right&#8221; btn_title=&#8221;RESERVAR&#8221; btn_color=&#8221;info&#8221; btn_size=&#8221;lg&#8221; btn_i_icon_fontawesome=&#8221;fa fa-credit-card-alt&#8221; btn_add_icon=&#8221;true&#8221; btn_custom_onclick=&#8221;true&#8221; btn_link=&#8221;url:http%3A%2F%2Fwww.rentibizaholidayvillas.com%2FReservas-Online1-b.asp%3Fln%3Des%26id%3D653|||&#8221;][\/vc_cta][\/vc_column][\/vc_row]<\/p>\n","protected":false},"excerpt":{"rendered":"<p>[vc_row][vc_column][vc_cta h2=&#8221;\u00a115% DESCUENTO PARA FAMILIAS!&#8221; h4=&#8221;Aprov\u00e9chate del descuento en Villa Aurora&#8221; color=&#8221;white&#8221; css=&#8221;.vc_custom_1710135951663{background-color: #0cdcbd !important;}&#8221;] Rent Ibiza Holiday Villa + Villa Aurora con este descuento especial para familia. \u00a1Reserva ya !! [\/vc_cta][\/vc_column][\/vc_row][vc_row][vc_column][vc_custom_heading text=&#8221;VILLA AURORA&#8221;][vc_text_separator title=&#8221;DESCUENTO DEL 15% PARA FAMILIAS EN VILLA AURORA&#8221; title_align=&#8221;separator_align_left&#8221; align=&#8221;align_right&#8221; color=&#8221;black&#8221; border_width=&#8221;3&#8243;][\/vc_column][\/vc_row][vc_row][vc_column width=&#8221;1\/2&#8243;][vc_column_text] Vive unas inolvidables vacaciones en familia. D\u00e9jate cautivar&#8230;<\/p>\n","protected":false},"author":1,"featured_media":0,"parent":0,"menu_order":0,"comment_status":"closed","ping_status":"closed","template":"","meta":{"footnotes":""},"_links":{"self":[{"href":"https:\/\/www.rentibizaholidayvillas.com\/ibiza\/wp-json\/wp\/v2\/pages\/400"}],"collection":[{"href":"https:\/\/www.rentibizaholidayvillas.com\/ibiza\/wp-json\/wp\/v2\/pages"}],"about":[{"href":"https:\/\/www.rentibizaholidayvillas.com\/ibiza\/wp-json\/wp\/v2\/types\/page"}],"author":[{"embeddable":true,"href":"https:\/\/www.rentibizaholidayvillas.com\/ibiza\/wp-json\/wp\/v2\/users\/1"}],"replies":[{"embeddable":true,"href":"https:\/\/www.rentibizaholidayvillas.com\/ibiza\/wp-json\/wp\/v2\/comments?post=400"}],"version-history":[{"count":3,"href":"https:\/\/www.rentibizaholidayvillas.com\/ibiza\/wp-json\/wp\/v2\/pages\/400\/revisions"}],"predecessor-version":[{"id":2129,"href":"https:\/\/www.rentibizaholidayvillas.com\/ibiza\/wp-json\/wp\/v2\/pages\/400\/revisions\/2129"}],"wp:attachment":[{"href":"https:\/\/www.rentibizaholidayvillas.com\/ibiza\/wp-json\/wp\/v2\/media?parent=400"}],"curies":[{"name":"wp","href":"https:\/\/api.w.org\/{rel}","templated":true}]}}